{"id":1390,"date":"2022-07-13T15:31:16","date_gmt":"2022-07-13T13:31:16","guid":{"rendered":"http:\/\/martadelluvia.com\/?page_id=1390"},"modified":"2025-06-17T23:28:48","modified_gmt":"2025-06-17T21:28:48","slug":"home","status":"publish","type":"page","link":"https:\/\/martadelluvia.com\/index.php\/it\/","title":{"rendered":"Scrittrice, cantautrice, voce.                            Ascolto e leggo tutto: dischi, libri, persone."},"content":{"rendered":"\n<p><\/p>\n\n\n\n<ul class=\"wp-block-social-links has-small-icon-size has-icon-background-color is-content-justification-center is-layout-flex wp-container-core-social-links-is-layout-16018d1d wp-block-social-links-is-layout-flex\"><li style=\"background-color: #991f45; \" class=\"wp-social-link wp-social-link-facebook  wp-block-social-link\"><a href=\"https:\/\/www.facebook.com\/MartaDeLluvia.page\/\" class=\"wp-block-social-link-anchor\"><svg width=\"24\" height=\"24\" viewBox=\"0 0 24 24\" version=\"1.1\" xmlns=\"http:\/\/www.w3.org\/2000\/svg\" aria-hidden=\"true\" focusable=\"false\"><path d=\"M12 2C6.5 2 2 6.5 2 12c0 5 3.7 9.1 8.4 9.9v-7H7.9V12h2.5V9.8c0-2.5 1.5-3.9 3.8-3.9 1.1 0 2.2.2 2.2.2v2.5h-1.3c-1.2 0-1.6.8-1.6 1.6V12h2.8l-.4 2.9h-2.3v7C18.3 21.1 22 17 22 12c0-5.5-4.5-10-10-10z\"><\/path><\/svg><span class=\"wp-block-social-link-label screen-reader-text\">Facebook<\/span><\/a><\/li>\n\n<li style=\"background-color: #991f45; \" class=\"wp-social-link wp-social-link-instagram  wp-block-social-link\"><a href=\"https:\/\/www.instagram.com\/martadelluvia\/?hl=en\" class=\"wp-block-social-link-anchor\"><svg width=\"24\" height=\"24\" viewBox=\"0 0 24 24\" version=\"1.1\" xmlns=\"http:\/\/www.w3.org\/2000\/svg\" aria-hidden=\"true\" focusable=\"false\"><path d=\"M12,4.622c2.403,0,2.688,0.009,3.637,0.052c0.877,0.04,1.354,0.187,1.671,0.31c0.42,0.163,0.72,0.358,1.035,0.673 c0.315,0.315,0.51,0.615,0.673,1.035c0.123,0.317,0.27,0.794,0.31,1.671c0.043,0.949,0.052,1.234,0.052,3.637 s-0.009,2.688-0.052,3.637c-0.04,0.877-0.187,1.354-0.31,1.671c-0.163,0.42-0.358,0.72-0.673,1.035 c-0.315,0.315-0.615,0.51-1.035,0.673c-0.317,0.123-0.794,0.27-1.671,0.31c-0.949,0.043-1.233,0.052-3.637,0.052 s-2.688-0.009-3.637-0.052c-0.877-0.04-1.354-0.187-1.671-0.31c-0.42-0.163-0.72-0.358-1.035-0.673 c-0.315-0.315-0.51-0.615-0.673-1.035c-0.123-0.317-0.27-0.794-0.31-1.671C4.631,14.688,4.622,14.403,4.622,12 s0.009-2.688,0.052-3.637c0.04-0.877,0.187-1.354,0.31-1.671c0.163-0.42,0.358-0.72,0.673-1.035 c0.315-0.315,0.615-0.51,1.035-0.673c0.317-0.123,0.794-0.27,1.671-0.31C9.312,4.631,9.597,4.622,12,4.622 M12,3 C9.556,3,9.249,3.01,8.289,3.054C7.331,3.098,6.677,3.25,6.105,3.472C5.513,3.702,5.011,4.01,4.511,4.511 c-0.5,0.5-0.808,1.002-1.038,1.594C3.25,6.677,3.098,7.331,3.054,8.289C3.01,9.249,3,9.556,3,12c0,2.444,0.01,2.751,0.054,3.711 c0.044,0.958,0.196,1.612,0.418,2.185c0.23,0.592,0.538,1.094,1.038,1.594c0.5,0.5,1.002,0.808,1.594,1.038 c0.572,0.222,1.227,0.375,2.185,0.418C9.249,20.99,9.556,21,12,21s2.751-0.01,3.711-0.054c0.958-0.044,1.612-0.196,2.185-0.418 c0.592-0.23,1.094-0.538,1.594-1.038c0.5-0.5,0.808-1.002,1.038-1.594c0.222-0.572,0.375-1.227,0.418-2.185 C20.99,14.751,21,14.444,21,12s-0.01-2.751-0.054-3.711c-0.044-0.958-0.196-1.612-0.418-2.185c-0.23-0.592-0.538-1.094-1.038-1.594 c-0.5-0.5-1.002-0.808-1.594-1.038c-0.572-0.222-1.227-0.375-2.185-0.418C14.751,3.01,14.444,3,12,3L12,3z M12,7.378 c-2.552,0-4.622,2.069-4.622,4.622S9.448,16.622,12,16.622s4.622-2.069,4.622-4.622S14.552,7.378,12,7.378z M12,15 c-1.657,0-3-1.343-3-3s1.343-3,3-3s3,1.343,3,3S13.657,15,12,15z M16.804,6.116c-0.596,0-1.08,0.484-1.08,1.08 s0.484,1.08,1.08,1.08c0.596,0,1.08-0.484,1.08-1.08S17.401,6.116,16.804,6.116z\"><\/path><\/svg><span class=\"wp-block-social-link-label screen-reader-text\">Instagram<\/span><\/a><\/li>\n\n<li style=\"background-color: #991f45; \" class=\"wp-social-link wp-social-link-spotify  wp-block-social-link\"><a href=\"https:\/\/open.spotify.com\/artist\/7m19AbYQV8XD74NAKNbW3I\" class=\"wp-block-social-link-anchor\"><svg width=\"24\" height=\"24\" viewBox=\"0 0 24 24\" version=\"1.1\" xmlns=\"http:\/\/www.w3.org\/2000\/svg\" aria-hidden=\"true\" focusable=\"false\"><path d=\"M12,2C6.477,2,2,6.477,2,12c0,5.523,4.477,10,10,10c5.523,0,10-4.477,10-10C22,6.477,17.523,2,12,2 M16.586,16.424 c-0.18,0.295-0.563,0.387-0.857,0.207c-2.348-1.435-5.304-1.76-8.785-0.964c-0.335,0.077-0.67-0.133-0.746-0.469 c-0.077-0.335,0.132-0.67,0.469-0.746c3.809-0.871,7.077-0.496,9.713,1.115C16.673,15.746,16.766,16.13,16.586,16.424 M17.81,13.7 c-0.226,0.367-0.706,0.482-1.072,0.257c-2.687-1.652-6.785-2.131-9.965-1.166C6.36,12.917,5.925,12.684,5.8,12.273 C5.675,11.86,5.908,11.425,6.32,11.3c3.632-1.102,8.147-0.568,11.234,1.328C17.92,12.854,18.035,13.335,17.81,13.7 M17.915,10.865 c-3.223-1.914-8.54-2.09-11.618-1.156C5.804,9.859,5.281,9.58,5.131,9.086C4.982,8.591,5.26,8.069,5.755,7.919 c3.532-1.072,9.404-0.865,13.115,1.338c0.445,0.264,0.59,0.838,0.327,1.282C18.933,10.983,18.359,11.129,17.915,10.865\"><\/path><\/svg><span class=\"wp-block-social-link-label screen-reader-text\">Spotify<\/span><\/a><\/li>\n\n<li style=\"background-color: #991f45; \" class=\"wp-social-link wp-social-link-youtube  wp-block-social-link\"><a href=\"https:\/\/www.youtube.com\/channel\/UCk1PrVYip8Mz878gu8D8kmA\" class=\"wp-block-social-link-anchor\"><svg width=\"24\" height=\"24\" viewBox=\"0 0 24 24\" version=\"1.1\" xmlns=\"http:\/\/www.w3.org\/2000\/svg\" aria-hidden=\"true\" focusable=\"false\"><path d=\"M21.8,8.001c0,0-0.195-1.378-0.795-1.985c-0.76-0.797-1.613-0.801-2.004-0.847c-2.799-0.202-6.997-0.202-6.997-0.202 h-0.009c0,0-4.198,0-6.997,0.202C4.608,5.216,3.756,5.22,2.995,6.016C2.395,6.623,2.2,8.001,2.2,8.001S2,9.62,2,11.238v1.517 c0,1.618,0.2,3.237,0.2,3.237s0.195,1.378,0.795,1.985c0.761,0.797,1.76,0.771,2.205,0.855c1.6,0.153,6.8,0.201,6.8,0.201 s4.203-0.006,7.001-0.209c0.391-0.047,1.243-0.051,2.004-0.847c0.6-0.607,0.795-1.985,0.795-1.985s0.2-1.618,0.2-3.237v-1.517 C22,9.62,21.8,8.001,21.8,8.001z M9.935,14.594l-0.001-5.62l5.404,2.82L9.935,14.594z\"><\/path><\/svg><span class=\"wp-block-social-link-label screen-reader-text\">YouTube<\/span><\/a><\/li>\n\n<li style=\"background-color: #991f45; \" class=\"wp-social-link wp-social-link-soundcloud  wp-block-social-link\"><a href=\"https:\/\/soundcloud.com\/martadelluvia\" class=\"wp-block-social-link-anchor\"><svg width=\"24\" height=\"24\" viewBox=\"0 0 24 24\" version=\"1.1\" xmlns=\"http:\/\/www.w3.org\/2000\/svg\" aria-hidden=\"true\" focusable=\"false\"><path d=\"M8.9,16.1L9,14L8.9,9.5c0-0.1,0-0.1-0.1-0.1c0,0-0.1-0.1-0.1-0.1c-0.1,0-0.1,0-0.1,0.1c0,0-0.1,0.1-0.1,0.1L8.3,14l0.1,2.1 c0,0.1,0,0.1,0.1,0.1c0,0,0.1,0.1,0.1,0.1C8.8,16.3,8.9,16.3,8.9,16.1z M11.4,15.9l0.1-1.8L11.4,9c0-0.1,0-0.2-0.1-0.2 c0,0-0.1,0-0.1,0s-0.1,0-0.1,0c-0.1,0-0.1,0.1-0.1,0.2l0,0.1l-0.1,5c0,0,0,0.7,0.1,2v0c0,0.1,0,0.1,0.1,0.1c0.1,0.1,0.1,0.1,0.2,0.1 c0.1,0,0.1,0,0.2-0.1c0.1,0,0.1-0.1,0.1-0.2L11.4,15.9z M2.4,12.9L2.5,14l-0.2,1.1c0,0.1,0,0.1-0.1,0.1c0,0-0.1,0-0.1-0.1L2.1,14 l0.1-1.1C2.2,12.9,2.3,12.9,2.4,12.9C2.3,12.9,2.4,12.9,2.4,12.9z M3.1,12.2L3.3,14l-0.2,1.8c0,0.1,0,0.1-0.1,0.1 c-0.1,0-0.1,0-0.1-0.1L2.8,14L3,12.2C3,12.2,3,12.2,3.1,12.2C3.1,12.2,3.1,12.2,3.1,12.2z M3.9,11.9L4.1,14l-0.2,2.1 c0,0.1,0,0.1-0.1,0.1c-0.1,0-0.1,0-0.1-0.1L3.5,14l0.2-2.1c0-0.1,0-0.1,0.1-0.1C3.9,11.8,3.9,11.8,3.9,11.9z M4.7,11.9L4.9,14 l-0.2,2.1c0,0.1-0.1,0.1-0.1,0.1c-0.1,0-0.1,0-0.1-0.1L4.3,14l0.2-2.2c0-0.1,0-0.1,0.1-0.1C4.7,11.7,4.7,11.8,4.7,11.9z M5.6,12 l0.2,2l-0.2,2.1c0,0.1-0.1,0.1-0.1,0.1c0,0-0.1,0-0.1,0c0,0,0-0.1,0-0.1L5.1,14l0.2-2c0,0,0-0.1,0-0.1s0.1,0,0.1,0 C5.5,11.9,5.5,11.9,5.6,12L5.6,12z M6.4,10.7L6.6,14l-0.2,2.1c0,0,0,0.1,0,0.1c0,0-0.1,0-0.1,0c-0.1,0-0.1-0.1-0.2-0.2L5.9,14 l0.2-3.3c0-0.1,0.1-0.2,0.2-0.2c0,0,0.1,0,0.1,0C6.4,10.7,6.4,10.7,6.4,10.7z M7.2,10l0.2,4.1l-0.2,2.1c0,0,0,0.1,0,0.1 c0,0-0.1,0-0.1,0c-0.1,0-0.2-0.1-0.2-0.2l-0.1-2.1L6.8,10c0-0.1,0.1-0.2,0.2-0.2c0,0,0.1,0,0.1,0S7.2,9.9,7.2,10z M8,9.6L8.2,14 L8,16.1c0,0.1-0.1,0.2-0.2,0.2c-0.1,0-0.2-0.1-0.2-0.2L7.5,14l0.1-4.4c0-0.1,0-0.1,0.1-0.1c0,0,0.1-0.1,0.1-0.1c0.1,0,0.1,0,0.1,0.1 C8,9.6,8,9.6,8,9.6z M11.4,16.1L11.4,16.1L11.4,16.1z M9.7,9.6L9.8,14l-0.1,2.1c0,0.1,0,0.1-0.1,0.2s-0.1,0.1-0.2,0.1 c-0.1,0-0.1,0-0.1-0.1s-0.1-0.1-0.1-0.2L9.2,14l0.1-4.4c0-0.1,0-0.1,0.1-0.2s0.1-0.1,0.2-0.1c0.1,0,0.1,0,0.2,0.1S9.7,9.5,9.7,9.6 L9.7,9.6z M10.6,9.8l0.1,4.3l-0.1,2c0,0.1,0,0.1-0.1,0.2c0,0-0.1,0.1-0.2,0.1c-0.1,0-0.1,0-0.2-0.1c0,0-0.1-0.1-0.1-0.2L10,14 l0.1-4.3c0-0.1,0-0.1,0.1-0.2c0,0,0.1-0.1,0.2-0.1c0.1,0,0.1,0,0.2,0.1S10.6,9.7,10.6,9.8z M12.4,14l-0.1,2c0,0.1,0,0.1-0.1,0.2 c-0.1,0.1-0.1,0.1-0.2,0.1c-0.1,0-0.1,0-0.2-0.1c-0.1-0.1-0.1-0.1-0.1-0.2l-0.1-1l-0.1-1l0.1-5.5v0c0-0.1,0-0.2,0.1-0.2 c0.1,0,0.1-0.1,0.2-0.1c0,0,0.1,0,0.1,0c0.1,0,0.1,0.1,0.1,0.2L12.4,14z M22.1,13.9c0,0.7-0.2,1.3-0.7,1.7c-0.5,0.5-1.1,0.7-1.7,0.7 h-6.8c-0.1,0-0.1,0-0.2-0.1c-0.1-0.1-0.1-0.1-0.1-0.2V8.2c0-0.1,0.1-0.2,0.2-0.3c0.5-0.2,1-0.3,1.6-0.3c1.1,0,2.1,0.4,2.9,1.1 c0.8,0.8,1.3,1.7,1.4,2.8c0.3-0.1,0.6-0.2,1-0.2c0.7,0,1.3,0.2,1.7,0.7C21.8,12.6,22.1,13.2,22.1,13.9L22.1,13.9z\"><\/path><\/svg><span class=\"wp-block-social-link-label screen-reader-text\">Soundcloud<\/span><\/a><\/li><\/ul>\n\n\n\n<div style=\"height:60px\" aria-hidden=\"true\" class=\"wp-block-spacer\"><\/div>\n\n\n\n<figure class=\"wp-block-image size-full is-resized\"><a href=\"https:\/\/martadelluvia.com\/index.php\/it\/news\/\"><img decoding=\"async\" src=\"https:\/\/martadelluvia.com\/wp-content\/uploads\/2022\/07\/News.png\" alt=\"\" class=\"wp-image-1418\" width=\"200\" srcset=\"https:\/\/martadelluvia.com\/wp-content\/uploads\/2022\/07\/News.png 438w, https:\/\/martadelluvia.com\/wp-content\/uploads\/2022\/07\/News-300x51.png 300w\" sizes=\"(max-width: 438px) 100vw, 438px\" \/><\/a><\/figure>\n\n\n\n<div style=\"height:15px\" aria-hidden=\"true\" class=\"wp-block-spacer\"><\/div>\n\n\n\n<p>Ascolta il brano &#8220;<a rel=\"noreferrer noopener\" href=\"https:\/\/www.youtube.com\/watch?v=Uh2Mbw3Ntls\" target=\"_blank\">L&#8217;ultima notte<\/a>&#8220;, scritto con Marian Trapassi per Dinamica &#8211; Cantautrice in movimento. Il brano si basa sulla testimonianza della partigiana Gabriella Zocca ed \u00e8 stato presentato al Teatro di Rho il 26 aprile 2025.<\/p>\n\n\n\n<p><\/p>\n\n\n\n<div style=\"height:15px\" aria-hidden=\"true\" class=\"wp-block-spacer\"><\/div>\n\n\n\n<p><a href=\"https:\/\/martadelluvia.com\/index.php\/it\/news\/\" data-type=\"page\" data-id=\"11\">NEWS<\/a><\/p>\n\n\n\n<div style=\"height:15px\" aria-hidden=\"true\" class=\"wp-block-spacer\"><\/div>\n\n\n\n<hr class=\"wp-block-separator has-alpha-channel-opacity is-style-wide\"\/>\n\n\n\n<div style=\"height:60px\" aria-hidden=\"true\" class=\"wp-block-spacer\"><\/div>\n\n\n\n<figure class=\"wp-block-image size-full is-resized\"><a href=\"https:\/\/martadelluvia.com\/index.php\/it\/discografia\"><img decoding=\"async\" src=\"https:\/\/martadelluvia.com\/wp-content\/uploads\/2022\/07\/Discografia.png\" alt=\"\" class=\"wp-image-1395\" width=\"200\" srcset=\"https:\/\/martadelluvia.com\/wp-content\/uploads\/2022\/07\/Discografia.png 438w, https:\/\/martadelluvia.com\/wp-content\/uploads\/2022\/07\/Discografia-300x51.png 300w\" sizes=\"(max-width: 438px) 100vw, 438px\" \/><\/a><\/figure>\n\n\n\n<div style=\"height:15px\" aria-hidden=\"true\" class=\"wp-block-spacer\"><\/div>\n\n\n\n<p><\/p>\n\n\n\n<p>\u201cPoco importa se \u00e8 dolore o danza<br>non \u00e8 mai abbastanza.\u201d<\/p>\n\n\n\n<p>Marta De Lluvia<\/p>\n\n\n\n<div class=\"wp-block-columns is-layout-flex wp-container-core-columns-is-layout-9d6595d7 wp-block-columns-is-layout-flex\">\n<div class=\"wp-block-column is-layout-flow wp-block-column-is-layout-flow\" style=\"flex-basis:100%\">\n<div class=\"wp-block-group is-vertical is-layout-flex wp-container-core-group-is-layout-8cf370e7 wp-block-group-is-layout-flex\">\n<p><em>&#8220;Canzoni che conquistano, che convincono, che saranno anche canzoni \u201cdi pioggia\u201d, ma dove l\u2019artista marchigiana riesce a farti immergere delicatamente nella sua poetica, sospesa tra spiritualit\u00e0 e quotidianit\u00e0. Con \u201cGrano\u201d, Marta De Lluvia entra con piglio sicuro nel novero delle cantautrici da seguire per i prossimi anni. Tutto sembra fuorch\u00e9 un album d\u2019esordio.&#8221;<\/em><\/p>\n\n\n\n<p>Viviana Berardi \u2013 L\u2019Isola della musica italiana<\/p>\n<\/div>\n<\/div>\n<\/div>\n\n\n\n<div style=\"height:15px\" aria-hidden=\"true\" class=\"wp-block-spacer\"><\/div>\n\n\n\n<div class=\"wp-block-columns are-vertically-aligned-center is-layout-flex wp-container-core-columns-is-layout-9d6595d7 wp-block-columns-is-layout-flex\">\n<div class=\"wp-block-column is-vertically-aligned-center is-layout-flow wp-block-column-is-layout-flow\" style=\"flex-basis:66.66%\">\n<figure class=\"wp-block-embed is-type-video is-provider-youtube wp-block-embed-youtube wp-embed-aspect-16-9 wp-has-aspect-ratio\"><div class=\"wp-block-embed__wrapper\">\n<iframe loading=\"lazy\" title=\"Mai Abbastanza\" width=\"960\" height=\"540\" src=\"https:\/\/www.youtube.com\/embed\/yImfx05QDl0?feature=oembed\" frameborder=\"0\" allow=\"accelerometer; autoplay; clipboard-write; encrypted-media; gyroscope; picture-in-picture; web-share\" referrerpolicy=\"strict-origin-when-cross-origin\" allowfullscreen><\/iframe>\n<\/div><\/figure>\n<\/div>\n\n\n\n<div class=\"wp-block-column is-vertically-aligned-center is-layout-flow wp-block-column-is-layout-flow\" style=\"flex-basis:33.33%\"><\/div>\n<\/div>\n\n\n\n<div style=\"height:15px\" aria-hidden=\"true\" class=\"wp-block-spacer\"><\/div>\n\n\n\n<p><a href=\"https:\/\/martadelluvia.com\/index.php\/it\/discografia\">DISCOGRAFIA<\/a><\/p>\n\n\n\n<div style=\"height:15px\" aria-hidden=\"true\" class=\"wp-block-spacer\"><\/div>\n\n\n\n<hr class=\"wp-block-separator has-alpha-channel-opacity is-style-wide\"\/>\n\n\n\n<div style=\"height:60px\" aria-hidden=\"true\" class=\"wp-block-spacer\"><\/div>\n\n\n\n<figure class=\"wp-block-image size-full is-resized\"><a href=\"https:\/\/martadelluvia.com\/index.php\/it\/poesia\/\"><img decoding=\"async\" src=\"https:\/\/martadelluvia.com\/wp-content\/uploads\/2022\/07\/Poesia.png\" alt=\"\" class=\"wp-image-1403\" width=\"200\" srcset=\"https:\/\/martadelluvia.com\/wp-content\/uploads\/2022\/07\/Poesia.png 438w, https:\/\/martadelluvia.com\/wp-content\/uploads\/2022\/07\/Poesia-300x51.png 300w\" sizes=\"(max-width: 438px) 100vw, 438px\" \/><\/a><\/figure>\n\n\n\n<div style=\"height:15px\" aria-hidden=\"true\" class=\"wp-block-spacer\"><\/div>\n\n\n\n<p><\/p>\n\n\n\n<p style=\"font-style:normal;font-weight:400\">\u201c<em>Tutto ci\u00f2 che non serve a niente<br>tutto ci\u00f2 che non serve a nessuno<br>tutto ci\u00f2 che non serve nessuno<br>\u00e8 tutto ci\u00f2 che serve \u2013 a me.<\/em>\u201d<\/p>\n\n\n\n<p><\/p>\n\n\n\n<p>Marta De Lluvia<\/p>\n\n\n\n<div style=\"height:30px\" aria-hidden=\"true\" class=\"wp-block-spacer\"><\/div>\n\n\n\n<div class=\"wp-block-media-text alignwide is-stacked-on-mobile has-white-background-color has-background\" style=\"grid-template-columns:35% auto\"><figure class=\"wp-block-media-text__media\"><img loading=\"lazy\" decoding=\"async\" width=\"683\" height=\"1024\" src=\"https:\/\/martadelluvia.com\/wp-content\/uploads\/2022\/07\/copertina-marta-683x1024.jpg\" alt=\"\" class=\"wp-image-1408 size-full\" srcset=\"https:\/\/martadelluvia.com\/wp-content\/uploads\/2022\/07\/copertina-marta-683x1024.jpg 683w, https:\/\/martadelluvia.com\/wp-content\/uploads\/2022\/07\/copertina-marta-200x300.jpg 200w, https:\/\/martadelluvia.com\/wp-content\/uploads\/2022\/07\/copertina-marta-768x1152.jpg 768w, https:\/\/martadelluvia.com\/wp-content\/uploads\/2022\/07\/copertina-marta-1024x1536.jpg 1024w, https:\/\/martadelluvia.com\/wp-content\/uploads\/2022\/07\/copertina-marta-1365x2048.jpg 1365w, https:\/\/martadelluvia.com\/wp-content\/uploads\/2022\/07\/copertina-marta-1140x1710.jpg 1140w, https:\/\/martadelluvia.com\/wp-content\/uploads\/2022\/07\/copertina-marta-scaled.jpg 1707w\" sizes=\"auto, (max-width: 683px) 100vw, 683px\" \/><\/figure><div class=\"wp-block-media-text__content\">\n<p class=\"has-text-align-center\"><strong>&nbsp;<\/strong>&#8220;In s\u00e9 maggiore&#8221;<br>Marta De Lluvia<\/p>\n\n\n\n<p class=\"has-text-align-center has-small-font-size\">copertina di Lucia T. Sepulveda<\/p>\n\n\n\n<div class=\"wp-block-buttons is-content-justification-center is-layout-flex wp-container-core-buttons-is-layout-16018d1d wp-block-buttons-is-layout-flex\">\n<div class=\"wp-block-button has-custom-font-size has-small-font-size\"><a class=\"wp-block-button__link has-background wp-element-button\" href=\"https:\/\/www.messenger.com\/t\/347837938915288\/?messaging_source=source%3Apages%3Amessage_shortlink&amp;source_id=1441792\" style=\"background-color:#991f45\" target=\"_blank\" rel=\"noreferrer noopener\">Per avere una copia, scrivere a<br>martadelluvia@gmail.com<\/a><\/div>\n<\/div>\n<\/div><\/div>\n\n\n\n<div style=\"height:15px\" aria-hidden=\"true\" class=\"wp-block-spacer\"><\/div>\n\n\n\n<p><a href=\"https:\/\/martadelluvia.com\/index.php\/it\/poesia\/\" target=\"_blank\" rel=\"noreferrer noopener\">POESIA<\/a><\/p>\n\n\n\n<div style=\"height:30px\" aria-hidden=\"true\" class=\"wp-block-spacer\"><\/div>\n\n\n<div class=\"wp-block-image\">\n<figure class=\"aligncenter size-full\"><img loading=\"lazy\" decoding=\"async\" width=\"2560\" height=\"1707\" src=\"https:\/\/martadelluvia.com\/wp-content\/uploads\/2022\/07\/0213-1-scaled.jpg\" alt=\"\" class=\"wp-image-1525\" srcset=\"https:\/\/martadelluvia.com\/wp-content\/uploads\/2022\/07\/0213-1-scaled.jpg 2560w, https:\/\/martadelluvia.com\/wp-content\/uploads\/2022\/07\/0213-1-300x200.jpg 300w, https:\/\/martadelluvia.com\/wp-content\/uploads\/2022\/07\/0213-1-1024x683.jpg 1024w, https:\/\/martadelluvia.com\/wp-content\/uploads\/2022\/07\/0213-1-768x512.jpg 768w, https:\/\/martadelluvia.com\/wp-content\/uploads\/2022\/07\/0213-1-1536x1024.jpg 1536w, https:\/\/martadelluvia.com\/wp-content\/uploads\/2022\/07\/0213-1-2048x1365.jpg 2048w, https:\/\/martadelluvia.com\/wp-content\/uploads\/2022\/07\/0213-1-1140x760.jpg 1140w\" sizes=\"auto, (max-width: 2560px) 100vw, 2560px\" \/><figcaption class=\"wp-element-caption\">Foto di Antonella Bassi<\/figcaption><\/figure><\/div>\n\n\n<div style=\"height:30px\" aria-hidden=\"true\" class=\"wp-block-spacer\"><\/div>\n\n\n\n<figure class=\"wp-block-image size-full is-resized\"><a href=\"https:\/\/martadelluvia.com\/index.php\/it\/biografia\/\"><img decoding=\"async\" src=\"https:\/\/martadelluvia.com\/wp-content\/uploads\/2022\/07\/Biografia.png\" alt=\"\" class=\"wp-image-1417\" width=\"200\" srcset=\"https:\/\/martadelluvia.com\/wp-content\/uploads\/2022\/07\/Biografia.png 438w, https:\/\/martadelluvia.com\/wp-content\/uploads\/2022\/07\/Biografia-300x51.png 300w\" sizes=\"(max-width: 438px) 100vw, 438px\" \/><\/a><\/figure>\n\n\n\n<div style=\"height:15px\" aria-hidden=\"true\" class=\"wp-block-spacer\"><\/div>\n\n\n\n<p><\/p>\n\n\n\n<p>Marta De Lluvia \u00e8 nata e cresciuta a Recanati. Sin da giovanissima, ha iniziato a comporre poesie e canzoni, intraprendendo anche lo studio del canto e della chitarra classica. Parallelamente alla musica, ha sempre coltivato l\u2019interesse per la poesia e per le lingue straniere. Dalla musica classica, dopo aver studiato jazz, \u00e8 arrivata alla musica d\u2019autore.<\/p>\n\n\n\n<p>Ha studiato lingue e letterature straniere. Ha vissuto a Lipsia, in Germania, e ha intrapreso diversi viaggi in Russia. Da Bruxelles, dove ha vissuto diversi anni, si \u00e8 trasferita di recente a Milano.<\/p>\n\n\n\n<div style=\"height:15px\" aria-hidden=\"true\" class=\"wp-block-spacer\"><\/div>\n\n\n\n<p><a href=\"https:\/\/martadelluvia.com\/index.php\/it\/page-d-exemple\/\">BIOGRAFIA<\/a><\/p>\n","protected":false},"excerpt":{"rendered":"<p>Ascolta il brano &#8220;L&#8217;ultima notte&#8220;, scritto con Marian Trapassi per Dinamica &#8211; Cantautrice in movimento. Il brano si basa sulla testimonianza della partigiana Gabriella Zocca ed \u00e8 stato presentato al Teatro di Rho il 26 aprile 2025. NEWS \u201cPoco importa se \u00e8 dolore o danzanon \u00e8 mai abbastanza.\u201d Marta De Lluvia &#8220;Canzoni che conquistano, che convincono, che saranno anche canzoni \u201cdi pioggia\u201d, ma dove l\u2019artista marchigiana riesce a farti immergere delicatamente nella sua poetica, sospesa tra spiritualit\u00e0 e quotidianit\u00e0. Con \u201cGrano\u201d, Marta De Lluvia entra con piglio sicuro nel novero delle cantautrici da seguire per i prossimi anni. Tutto sembra fuorch\u00e9 un album d\u2019esordio.&#8221; Viviana Berardi \u2013 L\u2019Isola della musica italiana DISCOGRAFIA \u201cTutto ci\u00f2 che non serve a nientetutto ci\u00f2 che non serve a nessunotutto ci\u00f2 che non serve nessuno\u00e8 tutto ci\u00f2 che serve \u2013 a me.\u201d Marta De Lluvia POESIA Marta De Lluvia \u00e8 nata e cresciuta a Recanati. Sin da giovanissima, ha iniziato a comporre poesie e canzoni, intraprendendo anche lo studio del canto e della chitarra classica. Parallelamente alla musica, ha sempre coltivato l\u2019interesse per la poesia e per le lingue straniere. Dalla musica classica, dopo aver studiato jazz, \u00e8 arrivata alla musica d\u2019autore. Ha studiato lingue e letterature straniere. Ha vissuto a Lipsia, in Germania, e ha intrapreso diversi viaggi in Russia. Da Bruxelles, dove ha vissuto diversi anni, si \u00e8 trasferita di recente a Milano. BIOGRAFIA<\/p>\n","protected":false},"author":1,"featured_media":0,"parent":0,"menu_order":0,"comment_status":"closed","ping_status":"closed","template":"","meta":{"sfsi_plus_gutenberg_text_before_share":"","sfsi_plus_gutenberg_show_text_before_share":"","sfsi_plus_gutenberg_icon_type":"","sfsi_plus_gutenberg_icon_alignemt":"","sfsi_plus_gutenburg_max_per_row":"","footnotes":""},"class_list":["post-1390","page","type-page","status-publish","hentry"],"_links":{"self":[{"href":"https:\/\/martadelluvia.com\/index.php\/wp-json\/wp\/v2\/pages\/1390","targetHints":{"allow":["GET"]}}],"collection":[{"href":"https:\/\/martadelluvia.com\/index.php\/wp-json\/wp\/v2\/pages"}],"about":[{"href":"https:\/\/martadelluvia.com\/index.php\/wp-json\/wp\/v2\/types\/page"}],"author":[{"embeddable":true,"href":"https:\/\/martadelluvia.com\/index.php\/wp-json\/wp\/v2\/users\/1"}],"replies":[{"embeddable":true,"href":"https:\/\/martadelluvia.com\/index.php\/wp-json\/wp\/v2\/comments?post=1390"}],"version-history":[{"count":61,"href":"https:\/\/martadelluvia.com\/index.php\/wp-json\/wp\/v2\/pages\/1390\/revisions"}],"predecessor-version":[{"id":2059,"href":"https:\/\/martadelluvia.com\/index.php\/wp-json\/wp\/v2\/pages\/1390\/revisions\/2059"}],"wp:attachment":[{"href":"https:\/\/martadelluvia.com\/index.php\/wp-json\/wp\/v2\/media?parent=1390"}],"curies":[{"name":"wp","href":"https:\/\/api.w.org\/{rel}","templated":true}]}}