{"id":7,"date":"2019-03-20T16:06:19","date_gmt":"2019-03-20T15:06:19","guid":{"rendered":"http:\/\/martadelluvia.com\/?page_id=7"},"modified":"2025-04-30T16:21:21","modified_gmt":"2025-04-30T14:21:21","slug":"discografia","status":"publish","type":"page","link":"https:\/\/martadelluvia.com\/index.php\/it\/discografia\/","title":{"rendered":""},"content":{"rendered":"\n<figure class=\"wp-block-image size-full is-resized\"><img loading=\"lazy\" decoding=\"async\" src=\"https:\/\/martadelluvia.com\/wp-content\/uploads\/2025\/04\/la-festa-carilos.png\" alt=\"\" class=\"wp-image-2053\" width=\"645\" height=\"71\" srcset=\"https:\/\/martadelluvia.com\/wp-content\/uploads\/2025\/04\/la-festa-carilos.png 853w, https:\/\/martadelluvia.com\/wp-content\/uploads\/2025\/04\/la-festa-carilos-300x33.png 300w, https:\/\/martadelluvia.com\/wp-content\/uploads\/2025\/04\/la-festa-carilos-768x85.png 768w\" sizes=\"auto, (max-width: 645px) 100vw, 645px\" \/><\/figure>\n\n\n\n<p><\/p>\n\n\n\n<figure class=\"wp-block-image size-full is-resized\"><img loading=\"lazy\" decoding=\"async\" src=\"https:\/\/martadelluvia.com\/wp-content\/uploads\/2025\/04\/Ottobre-2023.png\" alt=\"\" class=\"wp-image-2054\" width=\"221\" height=\"34\" srcset=\"https:\/\/martadelluvia.com\/wp-content\/uploads\/2025\/04\/Ottobre-2023.png 976w, https:\/\/martadelluvia.com\/wp-content\/uploads\/2025\/04\/Ottobre-2023-300x46.png 300w, https:\/\/martadelluvia.com\/wp-content\/uploads\/2025\/04\/Ottobre-2023-768x118.png 768w\" sizes=\"auto, (max-width: 221px) 100vw, 221px\" \/><\/figure>\n\n\n\n<p><\/p>\n\n\n\n<p><em>La scrittura de \u201cLa festa che non c\u2019era\u201d \u00e8 stata finalizzata nel periodo della pandemia, che \u00e8 coinciso con la mia gravidanza. Il disco che ne risulta \u00e8 un ponte che parte da storie (e canzoni vecchie) per attraversare il presente e toccare il nuovo. Le 12 tracce sono fortemente autobiografiche. Tuttavia, le esperienze e gli stati d\u2019animo vengono condivisi con la speranza di incontrare ed abbracciare quelle di altri. Nel disco ci sono sentimenti forti: la nostalgia, la passione, la rabbia, il rimpianto, la tristezza, la felicit\u00e0 assoluta, la gratitudine pi\u00f9 profonda.<\/em> <\/p>\n\n\n\n<p><\/p>\n\n\n\n<p>Gli arrangiamenti sono stati curati da Edoardo Petretti, produttore artistico del disco, e da Federico Ferrandina, che si \u00e8 occupato degli archi. Vi hanno partecipato musicisti di ambiente romano. \u00c8 uscito nel 2023 senza etichetta. Sono seguiti concerti di presentazione e partecipazioni a festival come Eco di Donna Rimini (a cura di Chiara Raggi) e Costa Rossa d&#8217;Autrice in Sardegna. <\/p>\n\n\n\n<p><\/p>\n\n\n\n<p>Il disco \u00e8 un \u201cquasi concept\u201d sul tema dell\u2019appartenenza, con tutto il corredo di ineliminabili ambivalenze: ha accenti nostalgici e picchi di gratitudine, si colloca in una dialettica vitale tra radicamento e sradicamento, legittima l\u2019accidente, la contingenza, la caduta, ma anela alla pacificazione.<\/p>\n\n\n\n<div class=\"wp-block-columns is-layout-flex wp-container-core-columns-is-layout-9d6595d7 wp-block-columns-is-layout-flex\">\n<div class=\"wp-block-column is-layout-flow wp-block-column-is-layout-flow\" style=\"flex-basis:100%\">\n<p> <\/p>\n<\/div>\n<\/div>\n\n\n\n<p> <\/p>\n\n\n\n<p> <\/p>\n\n\n\n<figure class=\"wp-block-image size-large is-resized\"><img decoding=\"async\" src=\"https:\/\/martadelluvia.com\/wp-content\/uploads\/2022\/08\/Grano-test-1024x351.jpg\" alt=\"\" class=\"wp-image-1805\" width=\"400\" srcset=\"https:\/\/martadelluvia.com\/wp-content\/uploads\/2022\/08\/Grano-test-1024x351.jpg 1024w, https:\/\/martadelluvia.com\/wp-content\/uploads\/2022\/08\/Grano-test-300x103.jpg 300w, https:\/\/martadelluvia.com\/wp-content\/uploads\/2022\/08\/Grano-test-768x263.jpg 768w, https:\/\/martadelluvia.com\/wp-content\/uploads\/2022\/08\/Grano-test-1536x526.jpg 1536w, https:\/\/martadelluvia.com\/wp-content\/uploads\/2022\/08\/Grano-test-1140x390.jpg 1140w, https:\/\/martadelluvia.com\/wp-content\/uploads\/2022\/08\/Grano-test.jpg 1825w\" sizes=\"(max-width: 1024px) 100vw, 1024px\" \/><\/figure>\n\n\n\n<p><\/p>\n\n\n\n<p>Questo disco \u00e8 il frutto di un lungo periodo di maturazione dal punto di vista personale, compositivo e artistico. E\u2019 una selezione pi\u00f9 che una raccolta: 8 brani originali scritti nell\u2019arco di 8 anni, scelti come momenti chiave nelle vicende e nella riflessione interiore dell\u2019autrice. Il tema che lega le canzoni \u00e8 il dialogo continuo con la vita, un dialogo sincero e ad occhi aperti, che ricerca a volte con inquietudine, che sente il bello e che tiene conto della fine. L\u2019album nasce da incontri fortunati e da rapporti professionali e umani coltivati nel tempo. Le canzoni, prima sviluppate dall\u2019autrice, sono state poi rielaborate attraverso il lavoro con Giua, fino a trovare la loro forma attuale sotto la direzione artistica e gli arrangiamenti di Raffaele Abbate. <\/p>\n\n\n\n<div style=\"height:60px\" aria-hidden=\"true\" class=\"wp-block-spacer\"><\/div>\n\n\n\n<div class=\"wp-block-columns are-vertically-aligned-center is-layout-flex wp-container-core-columns-is-layout-9d6595d7 wp-block-columns-is-layout-flex\">\n<div class=\"wp-block-column is-vertically-aligned-center is-layout-flow wp-block-column-is-layout-flow\" style=\"flex-basis:66.66%\">\n<figure class=\"wp-block-embed is-type-video is-provider-youtube wp-block-embed-youtube wp-embed-aspect-16-9 wp-has-aspect-ratio\"><div class=\"wp-block-embed__wrapper\">\n<iframe loading=\"lazy\" title=\"Mai Abbastanza\" width=\"960\" height=\"540\" src=\"https:\/\/www.youtube.com\/embed\/yImfx05QDl0?feature=oembed\" frameborder=\"0\" allow=\"accelerometer; autoplay; clipboard-write; encrypted-media; gyroscope; picture-in-picture; web-share\" referrerpolicy=\"strict-origin-when-cross-origin\" allowfullscreen><\/iframe>\n<\/div><\/figure>\n<\/div>\n\n\n\n<div class=\"wp-block-column is-vertically-aligned-center is-layout-flow wp-block-column-is-layout-flow\" style=\"flex-basis:33.33%\"><\/div>\n<\/div>\n\n\n\n<div class=\"wp-block-buttons is-layout-flex wp-block-buttons-is-layout-flex\">\n<div class=\"wp-block-button has-custom-font-size has-small-font-size\"><a class=\"wp-block-button__link has-background wp-element-button\" href=\"https:\/\/open.spotify.com\/artist\/7m19AbYQV8XD74NAKNbW3I\" style=\"background-color:#991f45\">Ascolta Grano su Spotify<\/a><\/div>\n<\/div>\n\n\n\n<p><\/p>\n\n\n\n<div style=\"height:60px\" aria-hidden=\"true\" class=\"wp-block-spacer\"><\/div>\n\n\n\n<blockquote class=\"wp-block-quote is-layout-flow wp-block-quote-is-layout-flow\">\n<p>&#8220;<em>Grano \u00e8 un disco che sorprende per la sua grandissima poesia, nella scrittura dei testi ma anche nella dolcezza delle melodie e nella cura degli arrangiamenti. [&#8230;] La cantautrice \u00e8 molto brava non solo a creare avvolgenti atmosfere musicali ma anche a giocare con i testi, a renderli in grado di comunicare messaggi e raccontare storie, a far s\u00ec che si muovano in perfetta armonia con le note. Scritto bene e suonato altrettanto bene, Grano \u00e8 senz\u2019altro una delle pi\u00f9 belle scoperte del cantautorato femminile degli ultimi tempi.<\/em>&#8220;<\/p>\n<cite><a href=\"http:\/\/www.ilpopolodelblues.com\/wp\/2019\/12\/marta-de-lluvia-grano\/?fbclid=IwAR3JTAy5J17w0350qARFTEOlt8UYqUFneDvObMy9mlI2rabiO98q82OC5wQ\">Giulia Nuti \u2013 Il popolo del blues<\/a><\/cite><\/blockquote>\n\n\n\n<div style=\"height:30px\" aria-hidden=\"true\" class=\"wp-block-spacer\"><\/div>\n\n\n<div class=\"wp-block-image\">\n<figure class=\"alignleft size-full is-resized\"><img decoding=\"async\" src=\"https:\/\/martadelluvia.com\/wp-content\/uploads\/2019\/03\/Marta_concert.jpg\" alt=\"\" class=\"wp-image-21\" width=\"666\" srcset=\"https:\/\/martadelluvia.com\/wp-content\/uploads\/2019\/03\/Marta_concert.jpg 6000w, https:\/\/martadelluvia.com\/wp-content\/uploads\/2019\/03\/Marta_concert-300x200.jpg 300w, https:\/\/martadelluvia.com\/wp-content\/uploads\/2019\/03\/Marta_concert-768x512.jpg 768w, https:\/\/martadelluvia.com\/wp-content\/uploads\/2019\/03\/Marta_concert-1024x683.jpg 1024w\" sizes=\"(max-width: 6000px) 100vw, 6000px\" \/><figcaption>Foto di Antonella F Bassi<\/figcaption><\/figure><\/div>\n\n\n<div style=\"height:30px\" aria-hidden=\"true\" class=\"wp-block-spacer\"><\/div>\n\n\n\n<blockquote class=\"wp-block-quote is-layout-flow wp-block-quote-is-layout-flow\">\n<p>&#8220;<em>Si respira qui \u2013 ma anche in un pezzo come \u201cRomanticismo forse\u201d &#8211; l\u2019aria sicura delle grandi signore della musica italiana, il chiaroscuro del meglio dei cantautori italiani, la freschezza radiofonica dei sempreverdi: nuove canzoni che si candiderebbero subito a classici, se questo nostro mondo di riferimento fosse meno miope e scontato. Se chi si occupa di divulgazione non arrivasse ormai sempre in ritardo nello scovare talenti, allora per Marta De Lluvia &#8211; in qualsiasi parte del mondo decidesse di posarsi con le sue ali di farfalla e il suo cuore di donna antica &#8211; sarebbero sicuri il successo e le conferme.<\/em>&#8220;<\/p>\n<cite><a rel=\"noreferrer noopener\" href=\"https:\/\/www.blogfoolk.com\/2019\/10\/marta-de-lluvia-grano-orange-home.html?fbclid=IwAR22Lhk314GuBYWzZGPiM-3ALRzHsdi-N8LgdeXcTC7FVB3PJ-RCjyq4EjU\" target=\"_blank\">Elisabetta Malantrucco \u2013 Blogfolk<\/a><\/cite><\/blockquote>\n\n\n\n<div style=\"height:60px\" aria-hidden=\"true\" class=\"wp-block-spacer\"><\/div>\n\n\n\n<figure class=\"wp-block-image size-full is-resized\"><img decoding=\"async\" src=\"https:\/\/martadelluvia.com\/wp-content\/uploads\/2022\/08\/Galleria.png\" alt=\"\" class=\"wp-image-1821\" width=\"200\" srcset=\"https:\/\/martadelluvia.com\/wp-content\/uploads\/2022\/08\/Galleria.png 438w, https:\/\/martadelluvia.com\/wp-content\/uploads\/2022\/08\/Galleria-300x51.png 300w\" sizes=\"(max-width: 438px) 100vw, 438px\" \/><\/figure>\n\n\n\n<div style=\"height:15px\" aria-hidden=\"true\" class=\"wp-block-spacer\"><\/div>\n\n\n\n<figure class=\"wp-block-gallery has-nested-images columns-default is-cropped wp-block-gallery-1 is-layout-flex wp-block-gallery-is-layout-flex\">\n<figure class=\"wp-block-image\"><img loading=\"lazy\" decoding=\"async\" width=\"1024\" height=\"768\" data-id=\"907\" src=\"https:\/\/martadelluvia.com\/wp-content\/uploads\/2018\/03\/img_20171120_134923-e1521390905459-1024x768.jpg\" alt=\"\" class=\"wp-image-907\" srcset=\"https:\/\/martadelluvia.com\/wp-content\/uploads\/2018\/03\/img_20171120_134923-e1521390905459-1024x768.jpg 1024w, https:\/\/martadelluvia.com\/wp-content\/uploads\/2018\/03\/img_20171120_134923-e1521390905459-300x225.jpg 300w, https:\/\/martadelluvia.com\/wp-content\/uploads\/2018\/03\/img_20171120_134923-e1521390905459-768x576.jpg 768w\" sizes=\"auto, (max-width: 1024px) 100vw, 1024px\" \/><figcaption class=\"wp-element-caption\">Giua in studio per il disco<\/figcaption><\/figure>\n\n\n\n<figure class=\"wp-block-image\"><img loading=\"lazy\" decoding=\"async\" width=\"768\" height=\"1024\" data-id=\"908\" src=\"https:\/\/martadelluvia.com\/wp-content\/uploads\/2018\/03\/img_20171121_101939-768x1024.jpg\" alt=\"\" class=\"wp-image-908\" srcset=\"https:\/\/martadelluvia.com\/wp-content\/uploads\/2018\/03\/img_20171121_101939-768x1024.jpg 768w, https:\/\/martadelluvia.com\/wp-content\/uploads\/2018\/03\/img_20171121_101939-225x300.jpg 225w\" sizes=\"auto, (max-width: 768px) 100vw, 768px\" \/><figcaption class=\"wp-element-caption\">Raffaele Abbate al mixer, Pietro Martinelli (contrabbasso) e Lorenzo Bergamino alla batteria<\/figcaption><\/figure>\n\n\n\n<figure class=\"wp-block-image\"><img loading=\"lazy\" decoding=\"async\" width=\"1024\" height=\"1024\" data-id=\"953\" src=\"https:\/\/martadelluvia.com\/wp-content\/uploads\/2019\/03\/41594428_10156385273050700_3194341996089049088_o-1024x1024.jpg\" alt=\"\" class=\"wp-image-953\" srcset=\"https:\/\/martadelluvia.com\/wp-content\/uploads\/2019\/03\/41594428_10156385273050700_3194341996089049088_o-1024x1024.jpg 1024w, https:\/\/martadelluvia.com\/wp-content\/uploads\/2019\/03\/41594428_10156385273050700_3194341996089049088_o-150x150.jpg 150w, https:\/\/martadelluvia.com\/wp-content\/uploads\/2019\/03\/41594428_10156385273050700_3194341996089049088_o-300x300.jpg 300w, https:\/\/martadelluvia.com\/wp-content\/uploads\/2019\/03\/41594428_10156385273050700_3194341996089049088_o-768x768.jpg 768w, https:\/\/martadelluvia.com\/wp-content\/uploads\/2019\/03\/41594428_10156385273050700_3194341996089049088_o.jpg 1080w\" sizes=\"auto, (max-width: 1024px) 100vw, 1024px\" \/><figcaption class=\"wp-element-caption\">Marta De Lluvia in registrazione<\/figcaption><\/figure>\n<\/figure>\n\n\n\n<div style=\"height:60px\" aria-hidden=\"true\" class=\"wp-block-spacer\"><\/div>\n\n\n\n<p><\/p>\n\n\n\n<blockquote class=\"wp-block-quote is-layout-flow wp-block-quote-is-layout-flow\">\n<p>&#8220;<em>Canzoni che conquistano, che convincono, che saranno anche canzoni \u201cdi pioggia\u201d, ma dove l\u2019artista marchigiana riesce a farti immergere delicatamente nella sua poetica, sospesa tra spiritualit\u00e0 e quotidianit\u00e0. Con \u201cGrano\u201d, Marta De Lluvia entra con piglio sicuro nel novero delle cantautrici da seguire per i prossimi anni. Tutto sembra fuorch\u00e9 un album d\u2019esordio.<\/em>&#8220;<\/p>\n<cite><a rel=\"noreferrer noopener\" href=\"http:\/\/www.lisolachenoncera.it\/rivista\/recensioni\/grano\/\" target=\"_blank\">Viviana Berardi \u2013 L\u2019Isola della musica italiana<\/a><\/cite><\/blockquote>\n\n\n\n<p><\/p>\n\n\n\n<div style=\"height:60px\" aria-hidden=\"true\" class=\"wp-block-spacer\"><\/div>\n\n\n\n<div class=\"wp-block-columns is-layout-flex wp-container-core-columns-is-layout-9d6595d7 wp-block-columns-is-layout-flex\">\n<div class=\"wp-block-column is-layout-flow wp-block-column-is-layout-flow\" style=\"flex-basis:66.66%\">\n<figure class=\"wp-block-video\"><video controls src=\"https:\/\/martadelluvia.com\/wp-content\/uploads\/2022\/07\/MARTA-DE-LLUVIA-Grano-Musicraiser.mp4\"><\/video><figcaption><a href=\"https:\/\/www.youtube.com\/watch?v=QM_z8a_gvn0&amp;t=12s\">La campagna di Crowdfunding con Musicraiser<\/a><\/figcaption><\/figure>\n<\/div>\n\n\n\n<div class=\"wp-block-column is-layout-flow wp-block-column-is-layout-flow\" style=\"flex-basis:33.33%\"><\/div>\n<\/div>\n\n\n\n<div style=\"height:30px\" aria-hidden=\"true\" class=\"wp-block-spacer\"><\/div>\n\n\n\n<blockquote class=\"wp-block-quote is-layout-flow wp-block-quote-is-layout-flow\">\n<p>&#8220;<em>E cos\u00ec \u00e8 anche il suo album, suona familiare sin dalla prima nota. Una voce calda che canta di amore, testi pieni di movimento e metafore \u2013 nel libretto c\u2019\u00e8 una traduzione delle nove canzoni -. L\u2019album \u00e8 una bomba, mezz\u2019ora piena di entusiasmo per la vita e il calore.<\/em>&#8220;<\/p>\n<cite> <a href=\"https:\/\/www.cultuurpakt.be\/cd-lp\/grano-zing-hoor-waai-waai\/?fbclid=IwAR0ZczNK80W1P7EMbfXbiBzv4jmPgI4Y2UtkpKZAwKNOjzx2ZP4S9uSc1u8\">Veerle Deknopper \u2013 Cultuurpakt.be<\/a><\/cite><\/blockquote>\n\n\n\n<div style=\"height:90px\" aria-hidden=\"true\" class=\"wp-block-spacer\"><\/div>\n\n\n\n<figure class=\"wp-block-image size-full is-resized\"><img decoding=\"async\" src=\"https:\/\/martadelluvia.com\/wp-content\/uploads\/2022\/08\/Media.png\" alt=\"\" class=\"wp-image-1838\" width=\"200\" srcset=\"https:\/\/martadelluvia.com\/wp-content\/uploads\/2022\/08\/Media.png 438w, https:\/\/martadelluvia.com\/wp-content\/uploads\/2022\/08\/Media-300x51.png 300w\" sizes=\"(max-width: 438px) 100vw, 438px\" \/><\/figure>\n\n\n\n<div style=\"height:30px\" aria-hidden=\"true\" class=\"wp-block-spacer\"><\/div>\n\n\n\n<p class=\"has-text-align-left has-text-color has-medium-font-size\" style=\"color:#165b73\"><em><strong>Interviste a Radio Rai per l&#8217;uscita di &#8220;Grano&#8221;<\/strong><\/em><\/p>\n\n\n\n<div style=\"height:15px\" aria-hidden=\"true\" class=\"wp-block-spacer\"><\/div>\n\n\n\n<ul class=\"wp-block-list\">\n<li><a rel=\"noreferrer noopener\" href=\"https:\/\/twitter.com\/Radio1VivaVoce\/status\/1176860230937976835?s=20&amp;fbclid=IwAR2dPbCAgkXXIzthE9dfxmz_-uwYWdH7PaGXKKpBsvmIQWEK-TDL1CZPKIs\" target=\"_blank\">Radio 1 &#8211; In Viva Voce<\/a> (25 settembre 2019)<\/li>\n\n\n\n<li><a rel=\"noreferrer noopener\" href=\"http:\/\/www.isoradio.rai.it\/dl\/portaleRadio\/media\/ContentItem-00706f42-01dd-4163-9421-c26eb7947f12.html?fbclid=IwAR1Xh46pVmGzjPGnsIBhx6kCGDeLnCubNw7fWbaKT1ZLGulwUg0suG5xpyk#p=0\" target=\"_blank\">Isoradio &#8211; Mauro De Cillis<\/a> (24 settembre 2019)<\/li>\n<\/ul>\n\n\n\n<div style=\"height:60px\" aria-hidden=\"true\" class=\"wp-block-spacer\"><\/div>\n\n\n\n<div class=\"wp-block-group\"><div class=\"wp-block-group__inner-container is-layout-flow wp-block-group-is-layout-flow\">\n<div class=\"wp-block-columns is-layout-flex wp-container-core-columns-is-layout-9d6595d7 wp-block-columns-is-layout-flex\">\n<div class=\"wp-block-column is-layout-flow wp-block-column-is-layout-flow\" style=\"flex-basis:100%\">\n<p class=\"has-text-color has-medium-font-size\" style=\"color:#165b73\"><strong><em>Presentazione di &#8216;Grano&#8217; al TG RAI Marche<\/em><\/strong><\/p>\n<\/div>\n<\/div>\n<\/div><\/div>\n\n\n\n<div class=\"wp-block-columns is-layout-flex wp-container-core-columns-is-layout-9d6595d7 wp-block-columns-is-layout-flex\">\n<div class=\"wp-block-column is-layout-flow wp-block-column-is-layout-flow\" style=\"flex-basis:66.66%\">\n<figure class=\"wp-block-video\"><video controls poster=\"https:\/\/martadelluvia.com\/wp-content\/uploads\/2022\/08\/RAI.png\" src=\"https:\/\/martadelluvia.com\/wp-content\/uploads\/2020\/02\/TGR-RAI-Marche-fbdown.net_.mp4\"><\/video><figcaption><a href=\"https:\/\/www.facebook.com\/watch\/?v=292199548391381\">La presentazione di &#8216;Grano&#8217; al TG RAI Marche &#8211; Roberta Balzotti<\/a><\/figcaption><\/figure>\n<\/div>\n\n\n\n<div class=\"wp-block-column is-layout-flow wp-block-column-is-layout-flow\" style=\"flex-basis:33.33%\"><\/div>\n<\/div>\n\n\n\n<div style=\"height:30px\" aria-hidden=\"true\" class=\"wp-block-spacer\"><\/div>\n\n\n\n<p><strong><a href=\"https:\/\/martadelluvia.com\/index.php\/it\/\">HOMEPAGE<\/a><\/strong><\/p>\n","protected":false},"excerpt":{"rendered":"<p>La scrittura de \u201cLa festa che non c\u2019era\u201d \u00e8 stata finalizzata nel periodo della pandemia, che \u00e8 coinciso con la mia gravidanza. Il disco che ne risulta \u00e8 un ponte che parte da storie (e canzoni vecchie) per attraversare il presente e toccare il nuovo. Le 12 tracce sono fortemente autobiografiche. Tuttavia, le esperienze e gli stati d\u2019animo vengono condivisi con la speranza di incontrare ed abbracciare quelle di altri. Nel disco ci sono sentimenti forti: la nostalgia, la passione, la rabbia, il rimpianto, la tristezza, la felicit\u00e0 assoluta, la gratitudine pi\u00f9 profonda. Gli arrangiamenti sono stati curati da Edoardo Petretti, produttore artistico del disco, e da Federico Ferrandina, che si \u00e8 occupato degli archi. Vi hanno partecipato musicisti di ambiente romano. \u00c8 uscito nel 2023 senza etichetta. Sono seguiti concerti di presentazione e partecipazioni a festival come Eco di Donna Rimini (a cura di Chiara Raggi) e Costa Rossa d&#8217;Autrice in Sardegna. Il disco \u00e8 un \u201cquasi concept\u201d sul tema dell\u2019appartenenza, con tutto il corredo di ineliminabili ambivalenze: ha accenti nostalgici e picchi di gratitudine, si colloca in una dialettica vitale tra radicamento e sradicamento, legittima l\u2019accidente, la contingenza, la caduta, ma anela alla pacificazione. Questo disco \u00e8 il frutto di un lungo periodo di maturazione dal punto di vista personale, compositivo e artistico. E\u2019 una selezione pi\u00f9 che una raccolta: 8 brani originali scritti nell\u2019arco di 8 anni, scelti come momenti chiave nelle vicende e nella riflessione interiore dell\u2019autrice. Il tema che lega le canzoni \u00e8 il dialogo continuo con la vita, un dialogo sincero e ad occhi aperti, che ricerca a volte con inquietudine, che sente il bello e che tiene conto della fine. L\u2019album nasce da incontri fortunati e da rapporti professionali e umani coltivati nel tempo. Le canzoni, prima sviluppate dall\u2019autrice, sono state poi rielaborate attraverso il lavoro con Giua, fino a trovare la loro forma attuale sotto la direzione artistica e gli arrangiamenti di Raffaele Abbate. &#8220;Grano \u00e8 un disco che sorprende per la sua grandissima poesia, nella scrittura dei testi ma anche nella dolcezza delle melodie e nella cura degli arrangiamenti. [&#8230;] La cantautrice \u00e8 molto brava non solo a creare avvolgenti atmosfere musicali ma anche a giocare con i testi, a renderli in grado di comunicare messaggi e raccontare storie, a far s\u00ec che si muovano in perfetta armonia con le note. Scritto bene e suonato altrettanto bene, Grano \u00e8 senz\u2019altro una delle pi\u00f9 belle scoperte del cantautorato femminile degli ultimi tempi.&#8220; Giulia Nuti \u2013 Il popolo del blues &#8220;Si respira qui \u2013 ma anche in un pezzo come \u201cRomanticismo forse\u201d &#8211; l\u2019aria sicura delle grandi signore della musica italiana, il chiaroscuro del meglio dei cantautori italiani, la freschezza radiofonica dei sempreverdi: nuove canzoni che si candiderebbero subito a classici, se questo nostro mondo di riferimento fosse meno miope e scontato. Se chi si occupa di divulgazione non arrivasse ormai sempre in ritardo nello scovare talenti, allora per Marta De Lluvia &#8211; in qualsiasi parte del mondo decidesse di posarsi con le sue ali di farfalla e il suo cuore di donna antica &#8211; sarebbero sicuri il successo e le conferme.&#8220; Elisabetta Malantrucco \u2013 Blogfolk &#8220;Canzoni che conquistano, che convincono, che saranno anche canzoni \u201cdi pioggia\u201d, ma dove l\u2019artista marchigiana riesce a farti immergere delicatamente nella sua poetica, sospesa tra spiritualit\u00e0 e quotidianit\u00e0. Con \u201cGrano\u201d, Marta De Lluvia entra con piglio sicuro nel novero delle cantautrici da seguire per i prossimi anni. Tutto sembra fuorch\u00e9 un album d\u2019esordio.&#8220; Viviana Berardi \u2013 L\u2019Isola della musica italiana &#8220;E cos\u00ec \u00e8 anche il suo album, suona familiare sin dalla prima nota. Una voce calda che canta di amore, testi pieni di movimento e metafore \u2013 nel libretto c\u2019\u00e8 una traduzione delle nove canzoni -. L\u2019album \u00e8 una bomba, mezz\u2019ora piena di entusiasmo per la vita e il calore.&#8220; Veerle Deknopper \u2013 Cultuurpakt.be Interviste a Radio Rai per l&#8217;uscita di &#8220;Grano&#8221; Presentazione di &#8216;Grano&#8217; al TG RAI Marche HOMEPAGE<\/p>\n","protected":false},"author":1,"featured_media":0,"parent":0,"menu_order":0,"comment_status":"closed","ping_status":"closed","template":"","meta":{"sfsi_plus_gutenberg_text_before_share":"","sfsi_plus_gutenberg_show_text_before_share":"","sfsi_plus_gutenberg_icon_type":"","sfsi_plus_gutenberg_icon_alignemt":"","sfsi_plus_gutenburg_max_per_row":"","footnotes":""},"class_list":["post-7","page","type-page","status-publish","hentry"],"_links":{"self":[{"href":"https:\/\/martadelluvia.com\/index.php\/wp-json\/wp\/v2\/pages\/7","targetHints":{"allow":["GET"]}}],"collection":[{"href":"https:\/\/martadelluvia.com\/index.php\/wp-json\/wp\/v2\/pages"}],"about":[{"href":"https:\/\/martadelluvia.com\/index.php\/wp-json\/wp\/v2\/types\/page"}],"author":[{"embeddable":true,"href":"https:\/\/martadelluvia.com\/index.php\/wp-json\/wp\/v2\/users\/1"}],"replies":[{"embeddable":true,"href":"https:\/\/martadelluvia.com\/index.php\/wp-json\/wp\/v2\/comments?post=7"}],"version-history":[{"count":81,"href":"https:\/\/martadelluvia.com\/index.php\/wp-json\/wp\/v2\/pages\/7\/revisions"}],"predecessor-version":[{"id":2057,"href":"https:\/\/martadelluvia.com\/index.php\/wp-json\/wp\/v2\/pages\/7\/revisions\/2057"}],"wp:attachment":[{"href":"https:\/\/martadelluvia.com\/index.php\/wp-json\/wp\/v2\/media?parent=7"}],"curies":[{"name":"wp","href":"https:\/\/api.w.org\/{rel}","templated":true}]}}